{"id":526,"date":"2022-09-28T20:24:50","date_gmt":"2022-09-28T20:24:50","guid":{"rendered":"https:\/\/jamyam.org\/?page_id=526"},"modified":"2022-10-12T15:00:20","modified_gmt":"2022-10-12T15:00:20","slug":"visionmission","status":"publish","type":"page","link":"https:\/\/jamyam.org\/en\/visionmission\/","title":{"rendered":"Vision &amp; Mission"},"content":{"rendered":"<style>\/*! elementor - v3.7.7 - 22-09-2022 *\/\n.elementor-heading-title{padding:0;margin:0;line-height:1}.elementor-widget-heading .elementor-heading-title[class*=elementor-size-]>a{color:inherit;font-size:inherit;line-height:inherit}.elementor-widget-heading .elementor-heading-title.elementor-size-small{font-size:15px}.elementor-widget-heading .elementor-heading-title.elementor-size-medium{font-size:19px}.elementor-widget-heading .elementor-heading-title.elementor-size-large{font-size:29px}.elementor-widget-heading .elementor-heading-title.elementor-size-xl{font-size:39px}.elementor-widget-heading .elementor-heading-title.elementor-size-xxl{font-size:59px}<\/style>\n<h1> VISION ET MISSION<\/h1>\n<h2>Our approach<\/h2>\n<style>\/*! elementor - v3.7.7 - 22-09-2022 *\/\n.elementor-widget-divider{--divider-border-style:none;--divider-border-width:1px;--divider-color:#2c2c2c;--divider-icon-size:20px;--divider-element-spacing:10px;--divider-pattern-height:24px;--divider-pattern-size:20px;--divider-pattern-url:none;--divider-pattern-repeat:repeat-x}.elementor-widget-divider .elementor-divider{display:-webkit-box;display:-ms-flexbox;display:flex}.elementor-widget-divider .elementor-divider__text{font-size:15px;line-height:1;max-width:95%}.elementor-widget-divider .elementor-divider__element{margin:0 var(--divider-element-spacing);-ms-flex-negative:0;flex-shrink:0}.elementor-widget-divider .elementor-icon{font-size:var(--divider-icon-size)}.elementor-widget-divider .elementor-divider-separator{display:-webkit-box;display:-ms-flexbox;display:flex;margin:0;direction:ltr}.elementor-widget-divider--view-line_icon .elementor-divider-separator,.elementor-widget-divider--view-line_text .elementor-divider-separator{-webkit-box-align:center;-ms-flex-align:center;align-items:center}.elementor-widget-divider--view-line_icon .elementor-divider-separator:after,.elementor-widget-divider--view-line_icon .elementor-divider-separator:before,.elementor-widget-divider--view-line_text .elementor-divider-separator:after,.elementor-widget-divider--view-line_text .elementor-divider-separator:before{display:block;content:\"\";border-bottom:0;-webkit-box-flex:1;-ms-flex-positive:1;flex-grow:1;border-top:var(--divider-border-width) var(--divider-border-style) var(--divider-color)}.elementor-widget-divider--element-align-left .elementor-divider .elementor-divider-separator>.elementor-divider__svg:first-of-type{-webkit-box-flex:0;-ms-flex-positive:0;flex-grow:0;-ms-flex-negative:100;flex-shrink:100}.elementor-widget-divider--element-align-left .elementor-divider-separator:before{content:none}.elementor-widget-divider--element-align-left .elementor-divider__element{margin-left:0}.elementor-widget-divider--element-align-right .elementor-divider .elementor-divider-separator>.elementor-divider__svg:last-of-type{-webkit-box-flex:0;-ms-flex-positive:0;flex-grow:0;-ms-flex-negative:100;flex-shrink:100}.elementor-widget-divider--element-align-right .elementor-divider-separator:after{content:none}.elementor-widget-divider--element-align-right .elementor-divider__element{margin-right:0}.elementor-widget-divider:not(.elementor-widget-divider--view-line_text):not(.elementor-widget-divider--view-line_icon) .elementor-divider-separator{border-top:var(--divider-border-width) var(--divider-border-style) var(--divider-color)}.elementor-widget-divider--separator-type-pattern{--divider-border-style:none}.elementor-widget-divider--separator-type-pattern.elementor-widget-divider--view-line .elementor-divider-separator,.elementor-widget-divider--separator-type-pattern:not(.elementor-widget-divider--view-line) .elementor-divider-separator:after,.elementor-widget-divider--separator-type-pattern:not(.elementor-widget-divider--view-line) .elementor-divider-separator:before,.elementor-widget-divider--separator-type-pattern:not([class*=elementor-widget-divider--view]) .elementor-divider-separator{width:100%;min-height:var(--divider-pattern-height);-webkit-mask-size:var(--divider-pattern-size) 100%;mask-size:var(--divider-pattern-size) 100%;-webkit-mask-repeat:var(--divider-pattern-repeat);mask-repeat:var(--divider-pattern-repeat);background-color:var(--divider-color);-webkit-mask-image:var(--divider-pattern-url);mask-image:var(--divider-pattern-url)}.elementor-widget-divider--no-spacing{--divider-pattern-size:auto}.elementor-widget-divider--bg-round{--divider-pattern-repeat:round}.rtl .elementor-widget-divider .elementor-divider__text{direction:rtl}.e-container>.elementor-widget-divider{width:var(--container-widget-width,100%);--flex-grow:var(--container-widget-flex-grow,0)}<\/style>\n<h5>Notre vision est d&rsquo;instaurer la mentalit\u00e9 d\u2019athl\u00e8tes aupr\u00e8s des jeunes Noires de la grande r\u00e9gion m\u00e9tropolitaine de Montr\u00e9al.<\/h5>\n<h5>L\u2019organisme s&rsquo;est donn\u00e9 comme mission d&rsquo;\u00eatre un catalyseur permettant aux jeunes d\u2019\u00e9largir leur \u00e9ventail d\u2019exp\u00e9riences, de stimuler leur ambition et devenir les leaders de demain.<\/h5>\n<p>Young Athletes of Montreal (JAMYAM) accompanies young people in the development of three traits identified as critical for success: <b>self-awareness<\/b>, <b>discipline<\/b> and <b>perseverance<\/b>.<\/p>\n<p>JAMYAM offers support to parents and youths from racialized communities in Montreal by offering students, aged 15 to 17 years, continuous access to our programs.<\/p>\n<ul>\n<li>By providing high-school students continuous access to personal guidance.<\/li>\n<li>En les outillant pour am\u00e9liorer leurs estime de soi, habilet\u00e9s sociales et habitudes de vie \u00e0 l\u2019ext\u00e9rieur de l\u2019\u00e9cole.<\/li>\n<li>Fournissant un soutien principalement aux parents Noires et \u00e0 leurs enfants.<\/li>\n<\/ul>\n<h5>Our values<\/h5>\n<p><strong>Collaboration &#8211;\u00a0Respect &#8211;\u00a0Engagement<\/strong><\/p>\n<h5>Our partners and sponsors<\/h5>\n<style>\/*! elementor - v3.7.7 - 22-09-2022 *\/\n.elementor-widget-image-carousel .swiper-container{position:static}.elementor-widget-image-carousel .swiper-container .swiper-slide figure{line-height:inherit}.elementor-widget-image-carousel .swiper-slide{text-align:center}.elementor-image-carousel-wrapper:not(.swiper-container-initialized) .swiper-slide{max-width:calc(100% \/ var(--e-image-carousel-slides-to-show, 3))}<\/style>\n<figure><img decoding=\"async\" src=\"https:\/\/jamyam.org\/wp-content\/uploads\/2022\/09\/MDJ-Bordeaux-Cartierville-logo.png\" alt=\"MDJ Bordeaux Cartierville logo\" \/><\/figure>\n<figure><img decoding=\"async\" src=\"https:\/\/jamyam.org\/wp-content\/uploads\/2022\/09\/Lachine-Lab.png\" alt=\"Lachine Lab\" \/><\/figure>\n<figure><img decoding=\"async\" src=\"https:\/\/jamyam.org\/wp-content\/uploads\/2022\/09\/employment-and-social-development-canada.png\" alt=\"employment-and-social-development-canada\" \/><\/figure>\n<figure><img decoding=\"async\" src=\"https:\/\/jamyam.org\/wp-content\/uploads\/2022\/09\/Outlook-pjlpfwww-1.jpg\" alt=\"Outlook-pjlpfwww (1)\" \/><\/figure>\n<figure><img decoding=\"async\" src=\"https:\/\/jamyam.org\/wp-content\/uploads\/2022\/09\/CP_Community-Logo_E_F.jpg\" alt=\"CP_Community-Logo_E_F\" \/><\/figure>\n<figure><img decoding=\"async\" src=\"https:\/\/jamyam.org\/wp-content\/uploads\/2022\/09\/st-laurent_Logo_140x140.png\" alt=\"st-laurent_Logo_140x140\" \/><\/figure>\n<figure><img decoding=\"async\" src=\"https:\/\/jamyam.org\/wp-content\/uploads\/2022\/09\/IGM-bilingual.jpg\" alt=\"IGM bilingual\" \/><\/figure>\n<figure><img decoding=\"async\" src=\"https:\/\/jamyam.org\/wp-content\/uploads\/2022\/09\/MTL-Alliance-Logo.png\" alt=\"MTL Alliance Logo\" \/><\/figure>\n<p>\t\t\t<a href=\"https:\/\/www.zeffy.com\/en-CA\/embed\/donation-form\/13249b98-32fa-4883-8022-843e03e9c362\" role=\"button\"><br \/>\n\t\t\t\t\t\tDONATION<br \/>\n\t\t\t\t\t<\/a><\/p>","protected":false},"excerpt":{"rendered":"<p>VISION ET MISSION Notre approche Notre vision est d&rsquo;instaurer la mentalit\u00e9 d\u2019athl\u00e8tes aupr\u00e8s des jeunes Noires de la grande r\u00e9gion m\u00e9tropolitaine de Montr\u00e9al. L\u2019organisme s&rsquo;est donn\u00e9 comme mission d&rsquo;\u00eatre un catalyseur permettant aux jeunes d\u2019\u00e9largir leur \u00e9ventail d\u2019exp\u00e9riences, de stimuler leur ambition et devenir les leaders de demain. Jeunes Athl\u00e8tes de Montr\u00e9al (JAMYAM) accompagne les &hellip;<\/p>\n<p class=\"read-more\"> <a class=\"\" href=\"https:\/\/jamyam.org\/en\/visionmission\/\"> <span class=\"screen-reader-text\">Vision &amp; Mission<\/span> Read More &raquo;<\/a><\/p>","protected":false},"author":6639,"featured_media":0,"parent":0,"menu_order":0,"comment_status":"closed","ping_status":"closed","template":"","meta":{"site-sidebar-layout":"default","site-content-layout":"default","ast-global-header-display":"","ast-main-header-display":"","ast-hfb-above-header-display":"","ast-hfb-below-header-display":"","ast-hfb-mobile-header-display":"","site-post-title":"","ast-breadcrumbs-content":"","ast-featured-img":"","footer-sml-layout":"","theme-transparent-header-meta":"","adv-header-id-meta":"","stick-header-meta":"","header-above-stick-meta":"","header-main-stick-meta":"","header-below-stick-meta":""},"yoast_head":"<!-- This site is optimized with the Yoast SEO plugin v20.12 - https:\/\/yoast.com\/wordpress\/plugins\/seo\/ -->\n<title>Vision &amp; Mission - JAMYAM Young Athletes of Montreal<\/title>\n<meta name=\"robots\" content=\"index, follow, max-snippet:-1, max-image-preview:large, max-video-preview:-1\" \/>\n<link rel=\"canonical\" href=\"https:\/\/jamyam.org\/en\/visionmission\/\" \/>\n<meta property=\"og:locale\" content=\"en_US\" \/>\n<meta property=\"og:type\" content=\"article\" \/>\n<meta property=\"og:title\" content=\"Vision &amp; Mission - JAMYAM Young Athletes of Montreal\" \/>\n<meta property=\"og:description\" content=\"VISION ET MISSION Notre approche Notre vision est d&rsquo;instaurer la mentalit\u00e9 d\u2019athl\u00e8tes aupr\u00e8s des jeunes Noires de la grande r\u00e9gion m\u00e9tropolitaine de Montr\u00e9al. L\u2019organisme s&rsquo;est donn\u00e9 comme mission d&rsquo;\u00eatre un catalyseur permettant aux jeunes d\u2019\u00e9largir leur \u00e9ventail d\u2019exp\u00e9riences, de stimuler leur ambition et devenir les leaders de demain. Jeunes Athl\u00e8tes de Montr\u00e9al (JAMYAM) accompagne les &hellip; Vision &#038; Mission Read More &raquo;\" \/>\n<meta property=\"og:url\" content=\"https:\/\/jamyam.org\/en\/visionmission\/\" \/>\n<meta property=\"og:site_name\" content=\"JAMYAM Young Athletes of Montreal\" \/>\n<meta property=\"article:publisher\" content=\"https:\/\/www.facebook.com\/jam.yam.7902\" \/>\n<meta property=\"article:modified_time\" content=\"2022-10-12T15:00:20+00:00\" \/>\n<meta property=\"og:image\" content=\"https:\/\/jamyam.org\/wp-content\/uploads\/2022\/09\/MDJ-Bordeaux-Cartierville-logo.png\" \/>\n<meta name=\"twitter:card\" content=\"summary_large_image\" \/>\n<meta name=\"twitter:label1\" content=\"Est. reading time\" \/>\n\t<meta name=\"twitter:data1\" content=\"1 minute\" \/>\n<script type=\"application\/ld+json\" class=\"yoast-schema-graph\">{\"@context\":\"https:\/\/schema.org\",\"@graph\":[{\"@type\":\"WebPage\",\"@id\":\"https:\/\/jamyam.org\/visionmission\/\",\"url\":\"https:\/\/jamyam.org\/visionmission\/\",\"name\":\"Vision & Mission - JAMYAM Young Athletes of Montreal\",\"isPartOf\":{\"@id\":\"https:\/\/jamyam.org\/#website\"},\"datePublished\":\"2022-09-28T20:24:50+00:00\",\"dateModified\":\"2022-10-12T15:00:20+00:00\",\"breadcrumb\":{\"@id\":\"https:\/\/jamyam.org\/visionmission\/#breadcrumb\"},\"inLanguage\":\"en-CA\",\"potentialAction\":[{\"@type\":\"ReadAction\",\"target\":[\"https:\/\/jamyam.org\/visionmission\/\"]}]},{\"@type\":\"BreadcrumbList\",\"@id\":\"https:\/\/jamyam.org\/visionmission\/#breadcrumb\",\"itemListElement\":[{\"@type\":\"ListItem\",\"position\":1,\"name\":\"Home\",\"item\":\"https:\/\/jamyam.org\/\"},{\"@type\":\"ListItem\",\"position\":2,\"name\":\"Vision &#038; Mission\"}]},{\"@type\":\"WebSite\",\"@id\":\"https:\/\/jamyam.org\/#website\",\"url\":\"https:\/\/jamyam.org\/\",\"name\":\"JAMYAM Young Athletes of Montreal\",\"description\":\"a Black led non-profit organization that seeks to promote excellence through sports to Black youth\",\"publisher\":{\"@id\":\"https:\/\/jamyam.org\/#organization\"},\"potentialAction\":[{\"@type\":\"SearchAction\",\"target\":{\"@type\":\"EntryPoint\",\"urlTemplate\":\"https:\/\/jamyam.org\/?s={search_term_string}\"},\"query-input\":\"required name=search_term_string\"}],\"inLanguage\":\"en-CA\"},{\"@type\":\"Organization\",\"@id\":\"https:\/\/jamyam.org\/#organization\",\"name\":\"JAMYAM Young Athletes of Montreal\",\"url\":\"https:\/\/jamyam.org\/\",\"logo\":{\"@type\":\"ImageObject\",\"inLanguage\":\"en-CA\",\"@id\":\"https:\/\/jamyam.org\/#\/schema\/logo\/image\/\",\"url\":\"https:\/\/jamyam.org\/wp-content\/uploads\/2022\/09\/Low.png\",\"contentUrl\":\"https:\/\/jamyam.org\/wp-content\/uploads\/2022\/09\/Low.png\",\"width\":300,\"height\":271,\"caption\":\"JAMYAM Young Athletes of Montreal\"},\"image\":{\"@id\":\"https:\/\/jamyam.org\/#\/schema\/logo\/image\/\"},\"sameAs\":[\"https:\/\/www.facebook.com\/jam.yam.7902\",\"https:\/\/www.instagram.com\/J.A.M_Y.A.M\/\",\"https:\/\/www.linkedin.com\/company\/young-athletes-of-montreal-yam\/?viewAsMember=true\"]}]}<\/script>\n<!-- \/ Yoast SEO plugin. -->","yoast_head_json":{"title":"Vision & Mission - JAMYAM Young Athletes of Montreal","robots":{"index":"index","follow":"follow","max-snippet":"max-snippet:-1","max-image-preview":"max-image-preview:large","max-video-preview":"max-video-preview:-1"},"canonical":"https:\/\/jamyam.org\/en\/visionmission\/","og_locale":"en_US","og_type":"article","og_title":"Vision & Mission - JAMYAM Young Athletes of Montreal","og_description":"VISION ET MISSION Notre approche Notre vision est d&rsquo;instaurer la mentalit\u00e9 d\u2019athl\u00e8tes aupr\u00e8s des jeunes Noires de la grande r\u00e9gion m\u00e9tropolitaine de Montr\u00e9al. L\u2019organisme s&rsquo;est donn\u00e9 comme mission d&rsquo;\u00eatre un catalyseur permettant aux jeunes d\u2019\u00e9largir leur \u00e9ventail d\u2019exp\u00e9riences, de stimuler leur ambition et devenir les leaders de demain. Jeunes Athl\u00e8tes de Montr\u00e9al (JAMYAM) accompagne les &hellip; Vision &#038; Mission Read More &raquo;","og_url":"https:\/\/jamyam.org\/en\/visionmission\/","og_site_name":"JAMYAM Young Athletes of Montreal","article_publisher":"https:\/\/www.facebook.com\/jam.yam.7902","article_modified_time":"2022-10-12T15:00:20+00:00","og_image":[{"url":"https:\/\/jamyam.org\/wp-content\/uploads\/2022\/09\/MDJ-Bordeaux-Cartierville-logo.png"}],"twitter_card":"summary_large_image","twitter_misc":{"Est. reading time":"1 minute"},"schema":{"@context":"https:\/\/schema.org","@graph":[{"@type":"WebPage","@id":"https:\/\/jamyam.org\/visionmission\/","url":"https:\/\/jamyam.org\/visionmission\/","name":"Vision & Mission - JAMYAM Young Athletes of Montreal","isPartOf":{"@id":"https:\/\/jamyam.org\/#website"},"datePublished":"2022-09-28T20:24:50+00:00","dateModified":"2022-10-12T15:00:20+00:00","breadcrumb":{"@id":"https:\/\/jamyam.org\/visionmission\/#breadcrumb"},"inLanguage":"en-CA","potentialAction":[{"@type":"ReadAction","target":["https:\/\/jamyam.org\/visionmission\/"]}]},{"@type":"BreadcrumbList","@id":"https:\/\/jamyam.org\/visionmission\/#breadcrumb","itemListElement":[{"@type":"ListItem","position":1,"name":"Home","item":"https:\/\/jamyam.org\/"},{"@type":"ListItem","position":2,"name":"Vision &#038; Mission"}]},{"@type":"WebSite","@id":"https:\/\/jamyam.org\/#website","url":"https:\/\/jamyam.org\/","name":"JAMYAM Young Athletes of Montreal","description":"a Black led non-profit organization that seeks to promote excellence through sports to Black youth","publisher":{"@id":"https:\/\/jamyam.org\/#organization"},"potentialAction":[{"@type":"SearchAction","target":{"@type":"EntryPoint","urlTemplate":"https:\/\/jamyam.org\/?s={search_term_string}"},"query-input":"required name=search_term_string"}],"inLanguage":"en-CA"},{"@type":"Organization","@id":"https:\/\/jamyam.org\/#organization","name":"JAMYAM Young Athletes of Montreal","url":"https:\/\/jamyam.org\/","logo":{"@type":"ImageObject","inLanguage":"en-CA","@id":"https:\/\/jamyam.org\/#\/schema\/logo\/image\/","url":"https:\/\/jamyam.org\/wp-content\/uploads\/2022\/09\/Low.png","contentUrl":"https:\/\/jamyam.org\/wp-content\/uploads\/2022\/09\/Low.png","width":300,"height":271,"caption":"JAMYAM Young Athletes of Montreal"},"image":{"@id":"https:\/\/jamyam.org\/#\/schema\/logo\/image\/"},"sameAs":["https:\/\/www.facebook.com\/jam.yam.7902","https:\/\/www.instagram.com\/J.A.M_Y.A.M\/","https:\/\/www.linkedin.com\/company\/young-athletes-of-montreal-yam\/?viewAsMember=true"]}]}},"_links":{"self":[{"href":"https:\/\/jamyam.org\/en\/wp-json\/wp\/v2\/pages\/526"}],"collection":[{"href":"https:\/\/jamyam.org\/en\/wp-json\/wp\/v2\/pages"}],"about":[{"href":"https:\/\/jamyam.org\/en\/wp-json\/wp\/v2\/types\/page"}],"author":[{"embeddable":true,"href":"https:\/\/jamyam.org\/en\/wp-json\/wp\/v2\/users\/6639"}],"replies":[{"embeddable":true,"href":"https:\/\/jamyam.org\/en\/wp-json\/wp\/v2\/comments?post=526"}],"version-history":[{"count":49,"href":"https:\/\/jamyam.org\/en\/wp-json\/wp\/v2\/pages\/526\/revisions"}],"predecessor-version":[{"id":821,"href":"https:\/\/jamyam.org\/en\/wp-json\/wp\/v2\/pages\/526\/revisions\/821"}],"wp:attachment":[{"href":"https:\/\/jamyam.org\/en\/wp-json\/wp\/v2\/media?parent=526"}],"curies":[{"name":"wp","href":"https:\/\/api.w.org\/{rel}","templated":true}]}}