{"id":463,"date":"2021-05-14T08:20:54","date_gmt":"2021-05-14T08:20:54","guid":{"rendered":"https:\/\/jamyam.org\/what-we-do\/"},"modified":"2022-10-10T22:28:08","modified_gmt":"2022-10-10T22:28:08","slug":"what-we-do","status":"publish","type":"page","link":"https:\/\/jamyam.org\/en\/what-we-do\/","title":{"rendered":"Our impact"},"content":{"rendered":"<style>\/*! elementor - v3.7.7 - 22-09-2022 *\/\n.elementor-heading-title{padding:0;margin:0;line-height:1}.elementor-widget-heading .elementor-heading-title[class*=elementor-size-]>a{color:inherit;font-size:inherit;line-height:inherit}.elementor-widget-heading .elementor-heading-title.elementor-size-small{font-size:15px}.elementor-widget-heading .elementor-heading-title.elementor-size-medium{font-size:19px}.elementor-widget-heading .elementor-heading-title.elementor-size-large{font-size:29px}.elementor-widget-heading .elementor-heading-title.elementor-size-xl{font-size:39px}.elementor-widget-heading .elementor-heading-title.elementor-size-xxl{font-size:59px}<\/style>\n<h1>What we do<\/h1>\n<h2>We help young people reach their full potential!<\/h2>\n<style>\/*! elementor - v3.7.7 - 22-09-2022 *\/\n.elementor-widget-divider{--divider-border-style:none;--divider-border-width:1px;--divider-color:#2c2c2c;--divider-icon-size:20px;--divider-element-spacing:10px;--divider-pattern-height:24px;--divider-pattern-size:20px;--divider-pattern-url:none;--divider-pattern-repeat:repeat-x}.elementor-widget-divider .elementor-divider{display:-webkit-box;display:-ms-flexbox;display:flex}.elementor-widget-divider .elementor-divider__text{font-size:15px;line-height:1;max-width:95%}.elementor-widget-divider .elementor-divider__element{margin:0 var(--divider-element-spacing);-ms-flex-negative:0;flex-shrink:0}.elementor-widget-divider .elementor-icon{font-size:var(--divider-icon-size)}.elementor-widget-divider .elementor-divider-separator{display:-webkit-box;display:-ms-flexbox;display:flex;margin:0;direction:ltr}.elementor-widget-divider--view-line_icon .elementor-divider-separator,.elementor-widget-divider--view-line_text .elementor-divider-separator{-webkit-box-align:center;-ms-flex-align:center;align-items:center}.elementor-widget-divider--view-line_icon .elementor-divider-separator:after,.elementor-widget-divider--view-line_icon .elementor-divider-separator:before,.elementor-widget-divider--view-line_text .elementor-divider-separator:after,.elementor-widget-divider--view-line_text .elementor-divider-separator:before{display:block;content:\"\";border-bottom:0;-webkit-box-flex:1;-ms-flex-positive:1;flex-grow:1;border-top:var(--divider-border-width) var(--divider-border-style) var(--divider-color)}.elementor-widget-divider--element-align-left .elementor-divider .elementor-divider-separator>.elementor-divider__svg:first-of-type{-webkit-box-flex:0;-ms-flex-positive:0;flex-grow:0;-ms-flex-negative:100;flex-shrink:100}.elementor-widget-divider--element-align-left .elementor-divider-separator:before{content:none}.elementor-widget-divider--element-align-left .elementor-divider__element{margin-left:0}.elementor-widget-divider--element-align-right .elementor-divider .elementor-divider-separator>.elementor-divider__svg:last-of-type{-webkit-box-flex:0;-ms-flex-positive:0;flex-grow:0;-ms-flex-negative:100;flex-shrink:100}.elementor-widget-divider--element-align-right .elementor-divider-separator:after{content:none}.elementor-widget-divider--element-align-right .elementor-divider__element{margin-right:0}.elementor-widget-divider:not(.elementor-widget-divider--view-line_text):not(.elementor-widget-divider--view-line_icon) .elementor-divider-separator{border-top:var(--divider-border-width) var(--divider-border-style) var(--divider-color)}.elementor-widget-divider--separator-type-pattern{--divider-border-style:none}.elementor-widget-divider--separator-type-pattern.elementor-widget-divider--view-line .elementor-divider-separator,.elementor-widget-divider--separator-type-pattern:not(.elementor-widget-divider--view-line) .elementor-divider-separator:after,.elementor-widget-divider--separator-type-pattern:not(.elementor-widget-divider--view-line) .elementor-divider-separator:before,.elementor-widget-divider--separator-type-pattern:not([class*=elementor-widget-divider--view]) .elementor-divider-separator{width:100%;min-height:var(--divider-pattern-height);-webkit-mask-size:var(--divider-pattern-size) 100%;mask-size:var(--divider-pattern-size) 100%;-webkit-mask-repeat:var(--divider-pattern-repeat);mask-repeat:var(--divider-pattern-repeat);background-color:var(--divider-color);-webkit-mask-image:var(--divider-pattern-url);mask-image:var(--divider-pattern-url)}.elementor-widget-divider--no-spacing{--divider-pattern-size:auto}.elementor-widget-divider--bg-round{--divider-pattern-repeat:round}.rtl .elementor-widget-divider .elementor-divider__text{direction:rtl}.e-container>.elementor-widget-divider{width:var(--container-widget-width,100%);--flex-grow:var(--container-widget-flex-grow,0)}<\/style>\n<h5>In a desire to raise Black youths from underserved neighborhood\u2019s awareness to develop three key traits; self-awareness, discipline and perseverance, JAMYAM, has put in place initiatives including discussion sessions on topics allowing young people to increase their tacit knowledge on subjects such as money, labor market and personal development.<\/h5>\n<p>Belonging to or representing a group can allow many youths, who are often on their own, to rely on a role model and develop their personal, academic and social skills. The social impact organization JAMYAM seeks to provide support to youths who need a meaningful presence in their lives.<\/p>\n<p>The organization Young Athletes of Montreal aims to promote informal education by setting up seminars on concepts not taught in school and by offering recognition prizes to students, aged between 15 and 17 years, to encourage exemplary behaviors in all areas; academic, personal and interpersonal. JAMYAM provides books, teaching materials and other resources to students attending various seminars and events.<\/p>\n<h3>Youths And Money<\/h3>\n<p>Through the mobile clinics, the social impact organization, Young Athletes of Montreall, will provide adequate tools to young participants to help them learn more about money and its management, debt management and invest in a smart way.. <\/p>\n<p>\t\t\t<a href=\"https:\/\/www.eventbrite.ca\/e\/432926283167\" role=\"button\"><br \/>\n\t\t\t\t\t\tREGISTER<br \/>\n\t\t\t\t\t<\/a><\/p>\n<h3>The First Job<\/h3>\n<p>These sessions help equip young participants in writing their resume, preparing for an interview and knowing the fundamentals of their rights in the workplace. <\/p>\n<p>\t\t\t<a href=\"https:\/\/www.eventbrite.ca\/e\/432926283167\" role=\"button\"><br \/>\n\t\t\t\t\t\tREGISTER<br \/>\n\t\t\t\t\t<\/a><\/p>\n<h3>Personal Development and Management<\/h3>\n<p>During these sessions, we invite youths to acquire a positive self-concept and the skills necessary to interact effectively with others.<\/p>\n<p>\t\t\t<a href=\"https:\/\/www.eventbrite.ca\/e\/432926283167\" role=\"button\"><br \/>\n\t\t\t\t\t\tREGISTER<br \/>\n\t\t\t\t\t<\/a><\/p>","protected":false},"excerpt":{"rendered":"<p>Ce que nous faisons Nous aidons les jeunes \u00e0 atteindre leurs plein potentiel! Dans une volont\u00e9 de sensibiliser les jeunes Noir(e)s des milieux d\u00e9favoris\u00e9s \u00e0 d\u00e9velopper trois traits cl\u00e9s; la connaissance de soi, la discipline et la pers\u00e9v\u00e9rance, JAMYAM, a mis en place des initiatives et sessions de discussion sur des sujets permettant aux jeunes &hellip;<\/p>\n<p class=\"read-more\"> <a class=\"\" href=\"https:\/\/jamyam.org\/en\/what-we-do\/\"> <span class=\"screen-reader-text\">Our impact<\/span> Read More &raquo;<\/a><\/p>","protected":false},"author":6639,"featured_media":0,"parent":0,"menu_order":0,"comment_status":"closed","ping_status":"closed","template":"","meta":{"site-sidebar-layout":"no-sidebar","site-content-layout":"page-builder","ast-global-header-display":"","ast-main-header-display":"","ast-hfb-above-header-display":"","ast-hfb-below-header-display":"","ast-hfb-mobile-header-display":"","site-post-title":"disabled","ast-breadcrumbs-content":"disabled","ast-featured-img":"disabled","footer-sml-layout":"","theme-transparent-header-meta":"enabled","adv-header-id-meta":"","stick-header-meta":"","header-above-stick-meta":"","header-main-stick-meta":"","header-below-stick-meta":""},"yoast_head":"<!-- This site is optimized with the Yoast SEO plugin v20.12 - https:\/\/yoast.com\/wordpress\/plugins\/seo\/ -->\n<title>Notre impact - JAMYAM Young Athletes of Montreal<\/title>\n<meta name=\"robots\" content=\"index, follow, max-snippet:-1, max-image-preview:large, max-video-preview:-1\" \/>\n<link rel=\"canonical\" href=\"https:\/\/jamyam.org\/en\/what-we-do\/\" \/>\n<meta property=\"og:locale\" content=\"en_US\" \/>\n<meta property=\"og:type\" content=\"article\" \/>\n<meta property=\"og:title\" content=\"Notre impact - JAMYAM Young Athletes of Montreal\" \/>\n<meta property=\"og:description\" content=\"Ce que nous faisons Nous aidons les jeunes \u00e0 atteindre leurs plein potentiel! Dans une volont\u00e9 de sensibiliser les jeunes Noir(e)s des milieux d\u00e9favoris\u00e9s \u00e0 d\u00e9velopper trois traits cl\u00e9s; la connaissance de soi, la discipline et la pers\u00e9v\u00e9rance, JAMYAM, a mis en place des initiatives et sessions de discussion sur des sujets permettant aux jeunes &hellip; Notre impact Read More &raquo;\" \/>\n<meta property=\"og:url\" content=\"https:\/\/jamyam.org\/en\/what-we-do\/\" \/>\n<meta property=\"og:site_name\" content=\"JAMYAM Young Athletes of Montreal\" \/>\n<meta property=\"article:publisher\" content=\"https:\/\/www.facebook.com\/jam.yam.7902\" \/>\n<meta property=\"article:modified_time\" content=\"2022-10-10T22:28:08+00:00\" \/>\n<meta name=\"twitter:card\" content=\"summary_large_image\" \/>\n<meta name=\"twitter:label1\" content=\"Est. reading time\" \/>\n\t<meta name=\"twitter:data1\" content=\"2 minutes\" \/>\n<script type=\"application\/ld+json\" class=\"yoast-schema-graph\">{\"@context\":\"https:\/\/schema.org\",\"@graph\":[{\"@type\":\"WebPage\",\"@id\":\"https:\/\/jamyam.org\/what-we-do\/\",\"url\":\"https:\/\/jamyam.org\/what-we-do\/\",\"name\":\"Notre impact - JAMYAM Young Athletes of Montreal\",\"isPartOf\":{\"@id\":\"https:\/\/jamyam.org\/#website\"},\"datePublished\":\"2021-05-14T08:20:54+00:00\",\"dateModified\":\"2022-10-10T22:28:08+00:00\",\"breadcrumb\":{\"@id\":\"https:\/\/jamyam.org\/what-we-do\/#breadcrumb\"},\"inLanguage\":\"en-CA\",\"potentialAction\":[{\"@type\":\"ReadAction\",\"target\":[\"https:\/\/jamyam.org\/what-we-do\/\"]}]},{\"@type\":\"BreadcrumbList\",\"@id\":\"https:\/\/jamyam.org\/what-we-do\/#breadcrumb\",\"itemListElement\":[{\"@type\":\"ListItem\",\"position\":1,\"name\":\"Home\",\"item\":\"https:\/\/jamyam.org\/\"},{\"@type\":\"ListItem\",\"position\":2,\"name\":\"Notre impact\"}]},{\"@type\":\"WebSite\",\"@id\":\"https:\/\/jamyam.org\/#website\",\"url\":\"https:\/\/jamyam.org\/\",\"name\":\"JAMYAM Young Athletes of Montreal\",\"description\":\"a Black led non-profit organization that seeks to promote excellence through sports to Black youth\",\"publisher\":{\"@id\":\"https:\/\/jamyam.org\/#organization\"},\"potentialAction\":[{\"@type\":\"SearchAction\",\"target\":{\"@type\":\"EntryPoint\",\"urlTemplate\":\"https:\/\/jamyam.org\/?s={search_term_string}\"},\"query-input\":\"required name=search_term_string\"}],\"inLanguage\":\"en-CA\"},{\"@type\":\"Organization\",\"@id\":\"https:\/\/jamyam.org\/#organization\",\"name\":\"JAMYAM Young Athletes of Montreal\",\"url\":\"https:\/\/jamyam.org\/\",\"logo\":{\"@type\":\"ImageObject\",\"inLanguage\":\"en-CA\",\"@id\":\"https:\/\/jamyam.org\/#\/schema\/logo\/image\/\",\"url\":\"https:\/\/jamyam.org\/wp-content\/uploads\/2022\/09\/Low.png\",\"contentUrl\":\"https:\/\/jamyam.org\/wp-content\/uploads\/2022\/09\/Low.png\",\"width\":300,\"height\":271,\"caption\":\"JAMYAM Young Athletes of Montreal\"},\"image\":{\"@id\":\"https:\/\/jamyam.org\/#\/schema\/logo\/image\/\"},\"sameAs\":[\"https:\/\/www.facebook.com\/jam.yam.7902\",\"https:\/\/www.instagram.com\/J.A.M_Y.A.M\/\",\"https:\/\/www.linkedin.com\/company\/young-athletes-of-montreal-yam\/?viewAsMember=true\"]}]}<\/script>\n<!-- \/ Yoast SEO plugin. -->","yoast_head_json":{"title":"Notre impact - JAMYAM Young Athletes of Montreal","robots":{"index":"index","follow":"follow","max-snippet":"max-snippet:-1","max-image-preview":"max-image-preview:large","max-video-preview":"max-video-preview:-1"},"canonical":"https:\/\/jamyam.org\/en\/what-we-do\/","og_locale":"en_US","og_type":"article","og_title":"Notre impact - JAMYAM Young Athletes of Montreal","og_description":"Ce que nous faisons Nous aidons les jeunes \u00e0 atteindre leurs plein potentiel! Dans une volont\u00e9 de sensibiliser les jeunes Noir(e)s des milieux d\u00e9favoris\u00e9s \u00e0 d\u00e9velopper trois traits cl\u00e9s; la connaissance de soi, la discipline et la pers\u00e9v\u00e9rance, JAMYAM, a mis en place des initiatives et sessions de discussion sur des sujets permettant aux jeunes &hellip; Notre impact Read More &raquo;","og_url":"https:\/\/jamyam.org\/en\/what-we-do\/","og_site_name":"JAMYAM Young Athletes of Montreal","article_publisher":"https:\/\/www.facebook.com\/jam.yam.7902","article_modified_time":"2022-10-10T22:28:08+00:00","twitter_card":"summary_large_image","twitter_misc":{"Est. reading time":"2 minutes"},"schema":{"@context":"https:\/\/schema.org","@graph":[{"@type":"WebPage","@id":"https:\/\/jamyam.org\/what-we-do\/","url":"https:\/\/jamyam.org\/what-we-do\/","name":"Notre impact - JAMYAM Young Athletes of Montreal","isPartOf":{"@id":"https:\/\/jamyam.org\/#website"},"datePublished":"2021-05-14T08:20:54+00:00","dateModified":"2022-10-10T22:28:08+00:00","breadcrumb":{"@id":"https:\/\/jamyam.org\/what-we-do\/#breadcrumb"},"inLanguage":"en-CA","potentialAction":[{"@type":"ReadAction","target":["https:\/\/jamyam.org\/what-we-do\/"]}]},{"@type":"BreadcrumbList","@id":"https:\/\/jamyam.org\/what-we-do\/#breadcrumb","itemListElement":[{"@type":"ListItem","position":1,"name":"Home","item":"https:\/\/jamyam.org\/"},{"@type":"ListItem","position":2,"name":"Notre impact"}]},{"@type":"WebSite","@id":"https:\/\/jamyam.org\/#website","url":"https:\/\/jamyam.org\/","name":"JAMYAM Young Athletes of Montreal","description":"a Black led non-profit organization that seeks to promote excellence through sports to Black youth","publisher":{"@id":"https:\/\/jamyam.org\/#organization"},"potentialAction":[{"@type":"SearchAction","target":{"@type":"EntryPoint","urlTemplate":"https:\/\/jamyam.org\/?s={search_term_string}"},"query-input":"required name=search_term_string"}],"inLanguage":"en-CA"},{"@type":"Organization","@id":"https:\/\/jamyam.org\/#organization","name":"JAMYAM Young Athletes of Montreal","url":"https:\/\/jamyam.org\/","logo":{"@type":"ImageObject","inLanguage":"en-CA","@id":"https:\/\/jamyam.org\/#\/schema\/logo\/image\/","url":"https:\/\/jamyam.org\/wp-content\/uploads\/2022\/09\/Low.png","contentUrl":"https:\/\/jamyam.org\/wp-content\/uploads\/2022\/09\/Low.png","width":300,"height":271,"caption":"JAMYAM Young Athletes of Montreal"},"image":{"@id":"https:\/\/jamyam.org\/#\/schema\/logo\/image\/"},"sameAs":["https:\/\/www.facebook.com\/jam.yam.7902","https:\/\/www.instagram.com\/J.A.M_Y.A.M\/","https:\/\/www.linkedin.com\/company\/young-athletes-of-montreal-yam\/?viewAsMember=true"]}]}},"_links":{"self":[{"href":"https:\/\/jamyam.org\/en\/wp-json\/wp\/v2\/pages\/463"}],"collection":[{"href":"https:\/\/jamyam.org\/en\/wp-json\/wp\/v2\/pages"}],"about":[{"href":"https:\/\/jamyam.org\/en\/wp-json\/wp\/v2\/types\/page"}],"author":[{"embeddable":true,"href":"https:\/\/jamyam.org\/en\/wp-json\/wp\/v2\/users\/6639"}],"replies":[{"embeddable":true,"href":"https:\/\/jamyam.org\/en\/wp-json\/wp\/v2\/comments?post=463"}],"version-history":[{"count":50,"href":"https:\/\/jamyam.org\/en\/wp-json\/wp\/v2\/pages\/463\/revisions"}],"predecessor-version":[{"id":810,"href":"https:\/\/jamyam.org\/en\/wp-json\/wp\/v2\/pages\/463\/revisions\/810"}],"wp:attachment":[{"href":"https:\/\/jamyam.org\/en\/wp-json\/wp\/v2\/media?parent=463"}],"curies":[{"name":"wp","href":"https:\/\/api.w.org\/{rel}","templated":true}]}}