{"id":462,"date":"2021-05-14T08:18:37","date_gmt":"2021-05-14T08:18:37","guid":{"rendered":"https:\/\/jamyam.org\/about\/"},"modified":"2022-10-10T22:14:20","modified_gmt":"2022-10-10T22:14:20","slug":"about","status":"publish","type":"page","link":"https:\/\/jamyam.org\/en\/about\/","title":{"rendered":"About"},"content":{"rendered":"<style>\/*! elementor - v3.7.7 - 22-09-2022 *\/\n.elementor-heading-title{padding:0;margin:0;line-height:1}.elementor-widget-heading .elementor-heading-title[class*=elementor-size-]>a{color:inherit;font-size:inherit;line-height:inherit}.elementor-widget-heading .elementor-heading-title.elementor-size-small{font-size:15px}.elementor-widget-heading .elementor-heading-title.elementor-size-medium{font-size:19px}.elementor-widget-heading .elementor-heading-title.elementor-size-large{font-size:29px}.elementor-widget-heading .elementor-heading-title.elementor-size-xl{font-size:39px}.elementor-widget-heading .elementor-heading-title.elementor-size-xxl{font-size:59px}<\/style>\n<h1>Who are we?<\/h1>\n<h2>\u00c0 propos&#8230;<\/h2>\n<style>\/*! elementor - v3.7.7 - 22-09-2022 *\/\n.elementor-widget-divider{--divider-border-style:none;--divider-border-width:1px;--divider-color:#2c2c2c;--divider-icon-size:20px;--divider-element-spacing:10px;--divider-pattern-height:24px;--divider-pattern-size:20px;--divider-pattern-url:none;--divider-pattern-repeat:repeat-x}.elementor-widget-divider .elementor-divider{display:-webkit-box;display:-ms-flexbox;display:flex}.elementor-widget-divider .elementor-divider__text{font-size:15px;line-height:1;max-width:95%}.elementor-widget-divider .elementor-divider__element{margin:0 var(--divider-element-spacing);-ms-flex-negative:0;flex-shrink:0}.elementor-widget-divider .elementor-icon{font-size:var(--divider-icon-size)}.elementor-widget-divider .elementor-divider-separator{display:-webkit-box;display:-ms-flexbox;display:flex;margin:0;direction:ltr}.elementor-widget-divider--view-line_icon .elementor-divider-separator,.elementor-widget-divider--view-line_text .elementor-divider-separator{-webkit-box-align:center;-ms-flex-align:center;align-items:center}.elementor-widget-divider--view-line_icon .elementor-divider-separator:after,.elementor-widget-divider--view-line_icon .elementor-divider-separator:before,.elementor-widget-divider--view-line_text .elementor-divider-separator:after,.elementor-widget-divider--view-line_text .elementor-divider-separator:before{display:block;content:\"\";border-bottom:0;-webkit-box-flex:1;-ms-flex-positive:1;flex-grow:1;border-top:var(--divider-border-width) var(--divider-border-style) var(--divider-color)}.elementor-widget-divider--element-align-left .elementor-divider .elementor-divider-separator>.elementor-divider__svg:first-of-type{-webkit-box-flex:0;-ms-flex-positive:0;flex-grow:0;-ms-flex-negative:100;flex-shrink:100}.elementor-widget-divider--element-align-left .elementor-divider-separator:before{content:none}.elementor-widget-divider--element-align-left .elementor-divider__element{margin-left:0}.elementor-widget-divider--element-align-right .elementor-divider .elementor-divider-separator>.elementor-divider__svg:last-of-type{-webkit-box-flex:0;-ms-flex-positive:0;flex-grow:0;-ms-flex-negative:100;flex-shrink:100}.elementor-widget-divider--element-align-right .elementor-divider-separator:after{content:none}.elementor-widget-divider--element-align-right .elementor-divider__element{margin-right:0}.elementor-widget-divider:not(.elementor-widget-divider--view-line_text):not(.elementor-widget-divider--view-line_icon) .elementor-divider-separator{border-top:var(--divider-border-width) var(--divider-border-style) var(--divider-color)}.elementor-widget-divider--separator-type-pattern{--divider-border-style:none}.elementor-widget-divider--separator-type-pattern.elementor-widget-divider--view-line .elementor-divider-separator,.elementor-widget-divider--separator-type-pattern:not(.elementor-widget-divider--view-line) .elementor-divider-separator:after,.elementor-widget-divider--separator-type-pattern:not(.elementor-widget-divider--view-line) .elementor-divider-separator:before,.elementor-widget-divider--separator-type-pattern:not([class*=elementor-widget-divider--view]) .elementor-divider-separator{width:100%;min-height:var(--divider-pattern-height);-webkit-mask-size:var(--divider-pattern-size) 100%;mask-size:var(--divider-pattern-size) 100%;-webkit-mask-repeat:var(--divider-pattern-repeat);mask-repeat:var(--divider-pattern-repeat);background-color:var(--divider-color);-webkit-mask-image:var(--divider-pattern-url);mask-image:var(--divider-pattern-url)}.elementor-widget-divider--no-spacing{--divider-pattern-size:auto}.elementor-widget-divider--bg-round{--divider-pattern-repeat:round}.rtl .elementor-widget-divider .elementor-divider__text{direction:rtl}.e-container>.elementor-widget-divider{width:var(--container-widget-width,100%);--flex-grow:var(--container-widget-flex-grow,0)}<\/style>\n<h5>Young Athlete of Montreal (JAMYAM)<\/h5>\n<p style=\"text-align: center;\">Young Athletes of Montreal (JAMYAM) is a social impact organization that seeks to offer its services primarily to Black youths from low-income neighbourhoods. Promoting the importance of a healthy lifestyle, <b>\"healthy mind in a healthy body\"<\/b> is the priority of the organization. <\/p>\n<p style=\"text-align: center;\">Sport not only allows us to acquire technical skills, but also essential skills for our development and fulfillment in society. <\/p>\n<p style=\"text-align: center;\">JAMYAM aims to defend and promote the interests of Black youths in Montreal\u2019s greater metropolitan area by raising their awareness on the challenges that impact them, the benefits of key personality traits and cooperation to define and achieve success.<\/p>\n<style>\/*! elementor - v3.7.7 - 22-09-2022 *\/\n.elementor-image-gallery .gallery-item{display:inline-block;text-align:center;vertical-align:top;width:100%;max-width:100%;margin:0 auto}.elementor-image-gallery .gallery-item img{margin:0 auto}.elementor-image-gallery .gallery-item .gallery-caption{margin:0}.elementor-image-gallery figure img{display:block}.elementor-image-gallery figure figcaption{width:100%}.gallery-spacing-custom .elementor-image-gallery .gallery-icon{padding:0}@media (min-width:768px){.elementor-image-gallery .gallery-columns-2 .gallery-item{max-width:50%}.elementor-image-gallery .gallery-columns-3 .gallery-item{max-width:33.33%}.elementor-image-gallery .gallery-columns-4 .gallery-item{max-width:25%}.elementor-image-gallery .gallery-columns-5 .gallery-item{max-width:20%}.elementor-image-gallery .gallery-columns-6 .gallery-item{max-width:16.666%}.elementor-image-gallery .gallery-columns-7 .gallery-item{max-width:14.28%}.elementor-image-gallery .gallery-columns-8 .gallery-item{max-width:12.5%}.elementor-image-gallery .gallery-columns-9 .gallery-item{max-width:11.11%}.elementor-image-gallery .gallery-columns-10 .gallery-item{max-width:10%}}@media (min-width:480px) and (max-width:767px){.elementor-image-gallery .gallery.gallery-columns-2 .gallery-item,.elementor-image-gallery .gallery.gallery-columns-3 .gallery-item,.elementor-image-gallery .gallery.gallery-columns-4 .gallery-item,.elementor-image-gallery .gallery.gallery-columns-5 .gallery-item,.elementor-image-gallery .gallery.gallery-columns-6 .gallery-item,.elementor-image-gallery .gallery.gallery-columns-7 .gallery-item,.elementor-image-gallery .gallery.gallery-columns-8 .gallery-item,.elementor-image-gallery .gallery.gallery-columns-9 .gallery-item,.elementor-image-gallery .gallery.gallery-columns-10 .gallery-item{max-width:50%}}@media (max-width:479px){.elementor-image-gallery .gallery.gallery-columns-2 .gallery-item,.elementor-image-gallery .gallery.gallery-columns-3 .gallery-item,.elementor-image-gallery .gallery.gallery-columns-4 .gallery-item,.elementor-image-gallery .gallery.gallery-columns-5 .gallery-item,.elementor-image-gallery .gallery.gallery-columns-6 .gallery-item,.elementor-image-gallery .gallery.gallery-columns-7 .gallery-item,.elementor-image-gallery .gallery.gallery-columns-8 .gallery-item,.elementor-image-gallery .gallery.gallery-columns-9 .gallery-item,.elementor-image-gallery .gallery.gallery-columns-10 .gallery-item{max-width:100%}}<\/style>\n<figure class='gallery-item'>\n\t\t\t\t<a data-elementor-open-lightbox=\"yes\" data-elementor-lightbox-slideshow=\"f087e9a\" data-elementor-lightbox-title=\"1\" e-action-hash=\"#elementor-action%3Aaction%3Dlightbox%26settings%3DeyJpZCI6NzYyLCJ1cmwiOiJodHRwczpcL1wvamFteWFtLmVsZW1lbnRvci5jbG91ZFwvd3AtY29udGVudFwvdXBsb2Fkc1wvMjAyMlwvMTBcLzEucG5nIiwic2xpZGVzaG93IjoiZjA4N2U5YSJ9\" href='https:\/\/jamyam.org\/wp-content\/uploads\/2022\/10\/1.png'><img decoding=\"async\" width=\"768\" height=\"738\" src=\"https:\/\/jamyam.org\/wp-content\/uploads\/2022\/10\/1-768x738.png\" alt=\"\" loading=\"lazy\" srcset=\"https:\/\/jamyam.org\/wp-content\/uploads\/2022\/10\/1-768x738.png 768w, https:\/\/jamyam.org\/wp-content\/uploads\/2022\/10\/1-300x288.png 300w, https:\/\/jamyam.org\/wp-content\/uploads\/2022\/10\/1.png 936w\" sizes=\"(max-width: 768px) 100vw, 768px\" \/><\/a><br \/>\n\t\t\t<\/figure>\n<figure class='gallery-item'>\n\t\t\t\t<a data-elementor-open-lightbox=\"yes\" data-elementor-lightbox-slideshow=\"f087e9a\" data-elementor-lightbox-title=\"2\" e-action-hash=\"#elementor-action%3Aaction%3Dlightbox%26settings%3DeyJpZCI6NzYzLCJ1cmwiOiJodHRwczpcL1wvamFteWFtLmVsZW1lbnRvci5jbG91ZFwvd3AtY29udGVudFwvdXBsb2Fkc1wvMjAyMlwvMTBcLzIucG5nIiwic2xpZGVzaG93IjoiZjA4N2U5YSJ9\" href='https:\/\/jamyam.org\/wp-content\/uploads\/2022\/10\/2.png'><img decoding=\"async\" width=\"768\" height=\"738\" src=\"https:\/\/jamyam.org\/wp-content\/uploads\/2022\/10\/2-768x738.png\" alt=\"\" loading=\"lazy\" srcset=\"https:\/\/jamyam.org\/wp-content\/uploads\/2022\/10\/2-768x738.png 768w, https:\/\/jamyam.org\/wp-content\/uploads\/2022\/10\/2-300x288.png 300w, https:\/\/jamyam.org\/wp-content\/uploads\/2022\/10\/2.png 936w\" sizes=\"(max-width: 768px) 100vw, 768px\" \/><\/a><br \/>\n\t\t\t<\/figure>\n<figure class='gallery-item'>\n\t\t\t\t<a data-elementor-open-lightbox=\"yes\" data-elementor-lightbox-slideshow=\"f087e9a\" data-elementor-lightbox-title=\"3\" e-action-hash=\"#elementor-action%3Aaction%3Dlightbox%26settings%3DeyJpZCI6NzY0LCJ1cmwiOiJodHRwczpcL1wvamFteWFtLmVsZW1lbnRvci5jbG91ZFwvd3AtY29udGVudFwvdXBsb2Fkc1wvMjAyMlwvMTBcLzMucG5nIiwic2xpZGVzaG93IjoiZjA4N2U5YSJ9\" href='https:\/\/jamyam.org\/wp-content\/uploads\/2022\/10\/3.png'><img decoding=\"async\" width=\"768\" height=\"738\" src=\"https:\/\/jamyam.org\/wp-content\/uploads\/2022\/10\/3-768x738.png\" alt=\"\" loading=\"lazy\" srcset=\"https:\/\/jamyam.org\/wp-content\/uploads\/2022\/10\/3-768x738.png 768w, https:\/\/jamyam.org\/wp-content\/uploads\/2022\/10\/3-300x288.png 300w, https:\/\/jamyam.org\/wp-content\/uploads\/2022\/10\/3.png 936w\" sizes=\"(max-width: 768px) 100vw, 768px\" \/><\/a><br \/>\n\t\t\t<\/figure>","protected":false},"excerpt":{"rendered":"<p>Qui sommes-nous? \u00c0 propos&#8230; Jeunes Athl\u00e8tes de Montr\u00e9al (JAMYAM) JAMYAM est un organisme \u00e0 impact social qui cherche \u00e0 offrir ses services principalement aux jeunes Noir(e)s des quartiers \u00e0 faible revenu. Promouvoir l\u2019importance d\u2019un mode de vie sain, \u00ab esprit sain dans un corps sain \u00bb est la priorit\u00e9 de l\u2019organisation. Le sport ne nous &hellip;<\/p>\n<p class=\"read-more\"> <a class=\"\" href=\"https:\/\/jamyam.org\/en\/about\/\"> <span class=\"screen-reader-text\">About<\/span> Read More &raquo;<\/a><\/p>","protected":false},"author":6639,"featured_media":0,"parent":0,"menu_order":0,"comment_status":"closed","ping_status":"closed","template":"","meta":{"site-sidebar-layout":"no-sidebar","site-content-layout":"page-builder","ast-global-header-display":"","ast-main-header-display":"","ast-hfb-above-header-display":"","ast-hfb-below-header-display":"","ast-hfb-mobile-header-display":"","site-post-title":"disabled","ast-breadcrumbs-content":"disabled","ast-featured-img":"disabled","footer-sml-layout":"","theme-transparent-header-meta":"enabled","adv-header-id-meta":"","stick-header-meta":"","header-above-stick-meta":"","header-main-stick-meta":"","header-below-stick-meta":""},"yoast_head":"<!-- This site is optimized with the Yoast SEO plugin v20.12 - https:\/\/yoast.com\/wordpress\/plugins\/seo\/ -->\n<title>A propos - JAMYAM Young Athletes of Montreal<\/title>\n<meta name=\"robots\" content=\"index, follow, max-snippet:-1, max-image-preview:large, max-video-preview:-1\" \/>\n<link rel=\"canonical\" href=\"https:\/\/jamyam.org\/en\/about\/\" \/>\n<meta property=\"og:locale\" content=\"en_US\" \/>\n<meta property=\"og:type\" content=\"article\" \/>\n<meta property=\"og:title\" content=\"A propos - JAMYAM Young Athletes of Montreal\" \/>\n<meta property=\"og:description\" content=\"Qui sommes-nous? \u00c0 propos&#8230; Jeunes Athl\u00e8tes de Montr\u00e9al (JAMYAM) JAMYAM est un organisme \u00e0 impact social qui cherche \u00e0 offrir ses services principalement aux jeunes Noir(e)s des quartiers \u00e0 faible revenu. Promouvoir l\u2019importance d\u2019un mode de vie sain, \u00ab esprit sain dans un corps sain \u00bb est la priorit\u00e9 de l\u2019organisation. Le sport ne nous &hellip; A propos Read More &raquo;\" \/>\n<meta property=\"og:url\" content=\"https:\/\/jamyam.org\/en\/about\/\" \/>\n<meta property=\"og:site_name\" content=\"JAMYAM Young Athletes of Montreal\" \/>\n<meta property=\"article:publisher\" content=\"https:\/\/www.facebook.com\/jam.yam.7902\" \/>\n<meta property=\"article:modified_time\" content=\"2022-10-10T22:14:20+00:00\" \/>\n<meta property=\"og:image\" content=\"https:\/\/jamyam.org\/wp-content\/uploads\/2022\/10\/1-768x738.png\" \/>\n<meta name=\"twitter:card\" content=\"summary_large_image\" \/>\n<meta name=\"twitter:label1\" content=\"Est. reading time\" \/>\n\t<meta name=\"twitter:data1\" content=\"6 minutes\" \/>\n<script type=\"application\/ld+json\" class=\"yoast-schema-graph\">{\"@context\":\"https:\/\/schema.org\",\"@graph\":[{\"@type\":\"WebPage\",\"@id\":\"https:\/\/jamyam.org\/about\/\",\"url\":\"https:\/\/jamyam.org\/about\/\",\"name\":\"A propos - JAMYAM Young Athletes of Montreal\",\"isPartOf\":{\"@id\":\"https:\/\/jamyam.org\/#website\"},\"datePublished\":\"2021-05-14T08:18:37+00:00\",\"dateModified\":\"2022-10-10T22:14:20+00:00\",\"breadcrumb\":{\"@id\":\"https:\/\/jamyam.org\/about\/#breadcrumb\"},\"inLanguage\":\"en-CA\",\"potentialAction\":[{\"@type\":\"ReadAction\",\"target\":[\"https:\/\/jamyam.org\/about\/\"]}]},{\"@type\":\"BreadcrumbList\",\"@id\":\"https:\/\/jamyam.org\/about\/#breadcrumb\",\"itemListElement\":[{\"@type\":\"ListItem\",\"position\":1,\"name\":\"Home\",\"item\":\"https:\/\/jamyam.org\/\"},{\"@type\":\"ListItem\",\"position\":2,\"name\":\"A propos\"}]},{\"@type\":\"WebSite\",\"@id\":\"https:\/\/jamyam.org\/#website\",\"url\":\"https:\/\/jamyam.org\/\",\"name\":\"JAMYAM Young Athletes of Montreal\",\"description\":\"a Black led non-profit organization that seeks to promote excellence through sports to Black youth\",\"publisher\":{\"@id\":\"https:\/\/jamyam.org\/#organization\"},\"potentialAction\":[{\"@type\":\"SearchAction\",\"target\":{\"@type\":\"EntryPoint\",\"urlTemplate\":\"https:\/\/jamyam.org\/?s={search_term_string}\"},\"query-input\":\"required name=search_term_string\"}],\"inLanguage\":\"en-CA\"},{\"@type\":\"Organization\",\"@id\":\"https:\/\/jamyam.org\/#organization\",\"name\":\"JAMYAM Young Athletes of Montreal\",\"url\":\"https:\/\/jamyam.org\/\",\"logo\":{\"@type\":\"ImageObject\",\"inLanguage\":\"en-CA\",\"@id\":\"https:\/\/jamyam.org\/#\/schema\/logo\/image\/\",\"url\":\"https:\/\/jamyam.org\/wp-content\/uploads\/2022\/09\/Low.png\",\"contentUrl\":\"https:\/\/jamyam.org\/wp-content\/uploads\/2022\/09\/Low.png\",\"width\":300,\"height\":271,\"caption\":\"JAMYAM Young Athletes of Montreal\"},\"image\":{\"@id\":\"https:\/\/jamyam.org\/#\/schema\/logo\/image\/\"},\"sameAs\":[\"https:\/\/www.facebook.com\/jam.yam.7902\",\"https:\/\/www.instagram.com\/J.A.M_Y.A.M\/\",\"https:\/\/www.linkedin.com\/company\/young-athletes-of-montreal-yam\/?viewAsMember=true\"]}]}<\/script>\n<!-- \/ Yoast SEO plugin. -->","yoast_head_json":{"title":"A propos - JAMYAM Young Athletes of Montreal","robots":{"index":"index","follow":"follow","max-snippet":"max-snippet:-1","max-image-preview":"max-image-preview:large","max-video-preview":"max-video-preview:-1"},"canonical":"https:\/\/jamyam.org\/en\/about\/","og_locale":"en_US","og_type":"article","og_title":"A propos - JAMYAM Young Athletes of Montreal","og_description":"Qui sommes-nous? \u00c0 propos&#8230; Jeunes Athl\u00e8tes de Montr\u00e9al (JAMYAM) JAMYAM est un organisme \u00e0 impact social qui cherche \u00e0 offrir ses services principalement aux jeunes Noir(e)s des quartiers \u00e0 faible revenu. Promouvoir l\u2019importance d\u2019un mode de vie sain, \u00ab esprit sain dans un corps sain \u00bb est la priorit\u00e9 de l\u2019organisation. Le sport ne nous &hellip; A propos Read More &raquo;","og_url":"https:\/\/jamyam.org\/en\/about\/","og_site_name":"JAMYAM Young Athletes of Montreal","article_publisher":"https:\/\/www.facebook.com\/jam.yam.7902","article_modified_time":"2022-10-10T22:14:20+00:00","og_image":[{"url":"https:\/\/jamyam.org\/wp-content\/uploads\/2022\/10\/1-768x738.png"}],"twitter_card":"summary_large_image","twitter_misc":{"Est. reading time":"6 minutes"},"schema":{"@context":"https:\/\/schema.org","@graph":[{"@type":"WebPage","@id":"https:\/\/jamyam.org\/about\/","url":"https:\/\/jamyam.org\/about\/","name":"A propos - JAMYAM Young Athletes of Montreal","isPartOf":{"@id":"https:\/\/jamyam.org\/#website"},"datePublished":"2021-05-14T08:18:37+00:00","dateModified":"2022-10-10T22:14:20+00:00","breadcrumb":{"@id":"https:\/\/jamyam.org\/about\/#breadcrumb"},"inLanguage":"en-CA","potentialAction":[{"@type":"ReadAction","target":["https:\/\/jamyam.org\/about\/"]}]},{"@type":"BreadcrumbList","@id":"https:\/\/jamyam.org\/about\/#breadcrumb","itemListElement":[{"@type":"ListItem","position":1,"name":"Home","item":"https:\/\/jamyam.org\/"},{"@type":"ListItem","position":2,"name":"A propos"}]},{"@type":"WebSite","@id":"https:\/\/jamyam.org\/#website","url":"https:\/\/jamyam.org\/","name":"JAMYAM Young Athletes of Montreal","description":"a Black led non-profit organization that seeks to promote excellence through sports to Black youth","publisher":{"@id":"https:\/\/jamyam.org\/#organization"},"potentialAction":[{"@type":"SearchAction","target":{"@type":"EntryPoint","urlTemplate":"https:\/\/jamyam.org\/?s={search_term_string}"},"query-input":"required name=search_term_string"}],"inLanguage":"en-CA"},{"@type":"Organization","@id":"https:\/\/jamyam.org\/#organization","name":"JAMYAM Young Athletes of Montreal","url":"https:\/\/jamyam.org\/","logo":{"@type":"ImageObject","inLanguage":"en-CA","@id":"https:\/\/jamyam.org\/#\/schema\/logo\/image\/","url":"https:\/\/jamyam.org\/wp-content\/uploads\/2022\/09\/Low.png","contentUrl":"https:\/\/jamyam.org\/wp-content\/uploads\/2022\/09\/Low.png","width":300,"height":271,"caption":"JAMYAM Young Athletes of Montreal"},"image":{"@id":"https:\/\/jamyam.org\/#\/schema\/logo\/image\/"},"sameAs":["https:\/\/www.facebook.com\/jam.yam.7902","https:\/\/www.instagram.com\/J.A.M_Y.A.M\/","https:\/\/www.linkedin.com\/company\/young-athletes-of-montreal-yam\/?viewAsMember=true"]}]}},"_links":{"self":[{"href":"https:\/\/jamyam.org\/en\/wp-json\/wp\/v2\/pages\/462"}],"collection":[{"href":"https:\/\/jamyam.org\/en\/wp-json\/wp\/v2\/pages"}],"about":[{"href":"https:\/\/jamyam.org\/en\/wp-json\/wp\/v2\/types\/page"}],"author":[{"embeddable":true,"href":"https:\/\/jamyam.org\/en\/wp-json\/wp\/v2\/users\/6639"}],"replies":[{"embeddable":true,"href":"https:\/\/jamyam.org\/en\/wp-json\/wp\/v2\/comments?post=462"}],"version-history":[{"count":32,"href":"https:\/\/jamyam.org\/en\/wp-json\/wp\/v2\/pages\/462\/revisions"}],"predecessor-version":[{"id":797,"href":"https:\/\/jamyam.org\/en\/wp-json\/wp\/v2\/pages\/462\/revisions\/797"}],"wp:attachment":[{"href":"https:\/\/jamyam.org\/en\/wp-json\/wp\/v2\/media?parent=462"}],"curies":[{"name":"wp","href":"https:\/\/api.w.org\/{rel}","templated":true}]}}