{"id":460,"date":"2021-05-14T08:16:46","date_gmt":"2021-05-14T08:16:46","guid":{"rendered":"https:\/\/jamyam.org\/home-2\/"},"modified":"2022-10-12T19:55:24","modified_gmt":"2022-10-12T19:55:24","slug":"home-2","status":"publish","type":"page","link":"https:\/\/jamyam.org\/en\/","title":{"rendered":"Accueil"},"content":{"rendered":"<style>\/*! elementor - v3.7.7 - 22-09-2022 *\/\n.elementor-heading-title{padding:0;margin:0;line-height:1}.elementor-widget-heading .elementor-heading-title[class*=elementor-size-]>a{color:inherit;font-size:inherit;line-height:inherit}.elementor-widget-heading .elementor-heading-title.elementor-size-small{font-size:15px}.elementor-widget-heading .elementor-heading-title.elementor-size-medium{font-size:19px}.elementor-widget-heading .elementor-heading-title.elementor-size-large{font-size:29px}.elementor-widget-heading .elementor-heading-title.elementor-size-xl{font-size:39px}.elementor-widget-heading .elementor-heading-title.elementor-size-xxl{font-size:59px}<\/style>\n<h5>Plus fort  ensemble  &#8211; <\/h5>\n<h2> because we need community<\/h2>\n<p>\t\t\t<a href=\"https:\/\/jamyam.org\/en\/visionmission\/\" role=\"button\"><br \/>\n\t\t\t\t\t\tRead more<br \/>\n\t\t\t\t\t<\/a><\/p>\n<h2>Our impact<\/h2>\n<h5>Dans tout ce que nous faisons, nous croyons qu&rsquo;il faut remettre en question le statu quo! Nous croyons qu&rsquo;il faut penser diff\u00e9remment. <\/h5>\n<p>This is why since 2015 we have been supporting youths in Montreal's greater metropolitan area to improve their <b>self-esteem<\/b>, their <b>social skills<\/b> and their <b>lifestyle<\/b> outside of school through discussion sessions and the sharing of tacit knowledge.\u00a0<\/p>\n<p>\t\t\t<a href=\"https:\/\/jamyam.org\/en\/what-we-do\/\" role=\"button\"><br \/>\n\t\t\t\t\t\tread more<br \/>\n\t\t\t\t\t<\/a><\/p>\n<style>\/*! elementor - v3.7.7 - 22-09-2022 *\/\n.elementor-widget-image{text-align:center}.elementor-widget-image a{display:inline-block}.elementor-widget-image a img[src$=\".svg\"]{width:48px}.elementor-widget-image img{vertical-align:middle;display:inline-block}<\/style>\n<p>\t\t\t\t\t\t\t\t\t\t\t\t<img decoding=\"async\" width=\"571\" height=\"800\" src=\"https:\/\/jamyam.org\/wp-content\/uploads\/2021\/05\/about-01-free-img.jpg\" alt=\"\" loading=\"lazy\" srcset=\"https:\/\/jamyam.org\/wp-content\/uploads\/2021\/05\/about-01-free-img.jpg 571w, https:\/\/jamyam.org\/wp-content\/uploads\/2021\/05\/about-01-free-img-214x300.jpg 214w\" sizes=\"(max-width: 571px) 100vw, 571px\" \/>\t\t\t\t\t\t\t\t\t\t\t\t\t\t\t<\/p>\n<h2>What we do<\/h2>\n<style>\/*! elementor - v3.7.7 - 22-09-2022 *\/\n.elementor-widget-divider{--divider-border-style:none;--divider-border-width:1px;--divider-color:#2c2c2c;--divider-icon-size:20px;--divider-element-spacing:10px;--divider-pattern-height:24px;--divider-pattern-size:20px;--divider-pattern-url:none;--divider-pattern-repeat:repeat-x}.elementor-widget-divider .elementor-divider{display:-webkit-box;display:-ms-flexbox;display:flex}.elementor-widget-divider .elementor-divider__text{font-size:15px;line-height:1;max-width:95%}.elementor-widget-divider .elementor-divider__element{margin:0 var(--divider-element-spacing);-ms-flex-negative:0;flex-shrink:0}.elementor-widget-divider .elementor-icon{font-size:var(--divider-icon-size)}.elementor-widget-divider .elementor-divider-separator{display:-webkit-box;display:-ms-flexbox;display:flex;margin:0;direction:ltr}.elementor-widget-divider--view-line_icon .elementor-divider-separator,.elementor-widget-divider--view-line_text .elementor-divider-separator{-webkit-box-align:center;-ms-flex-align:center;align-items:center}.elementor-widget-divider--view-line_icon .elementor-divider-separator:after,.elementor-widget-divider--view-line_icon .elementor-divider-separator:before,.elementor-widget-divider--view-line_text .elementor-divider-separator:after,.elementor-widget-divider--view-line_text .elementor-divider-separator:before{display:block;content:\"\";border-bottom:0;-webkit-box-flex:1;-ms-flex-positive:1;flex-grow:1;border-top:var(--divider-border-width) var(--divider-border-style) var(--divider-color)}.elementor-widget-divider--element-align-left .elementor-divider .elementor-divider-separator>.elementor-divider__svg:first-of-type{-webkit-box-flex:0;-ms-flex-positive:0;flex-grow:0;-ms-flex-negative:100;flex-shrink:100}.elementor-widget-divider--element-align-left .elementor-divider-separator:before{content:none}.elementor-widget-divider--element-align-left .elementor-divider__element{margin-left:0}.elementor-widget-divider--element-align-right .elementor-divider .elementor-divider-separator>.elementor-divider__svg:last-of-type{-webkit-box-flex:0;-ms-flex-positive:0;flex-grow:0;-ms-flex-negative:100;flex-shrink:100}.elementor-widget-divider--element-align-right .elementor-divider-separator:after{content:none}.elementor-widget-divider--element-align-right .elementor-divider__element{margin-right:0}.elementor-widget-divider:not(.elementor-widget-divider--view-line_text):not(.elementor-widget-divider--view-line_icon) .elementor-divider-separator{border-top:var(--divider-border-width) var(--divider-border-style) var(--divider-color)}.elementor-widget-divider--separator-type-pattern{--divider-border-style:none}.elementor-widget-divider--separator-type-pattern.elementor-widget-divider--view-line .elementor-divider-separator,.elementor-widget-divider--separator-type-pattern:not(.elementor-widget-divider--view-line) .elementor-divider-separator:after,.elementor-widget-divider--separator-type-pattern:not(.elementor-widget-divider--view-line) .elementor-divider-separator:before,.elementor-widget-divider--separator-type-pattern:not([class*=elementor-widget-divider--view]) .elementor-divider-separator{width:100%;min-height:var(--divider-pattern-height);-webkit-mask-size:var(--divider-pattern-size) 100%;mask-size:var(--divider-pattern-size) 100%;-webkit-mask-repeat:var(--divider-pattern-repeat);mask-repeat:var(--divider-pattern-repeat);background-color:var(--divider-color);-webkit-mask-image:var(--divider-pattern-url);mask-image:var(--divider-pattern-url)}.elementor-widget-divider--no-spacing{--divider-pattern-size:auto}.elementor-widget-divider--bg-round{--divider-pattern-repeat:round}.rtl .elementor-widget-divider .elementor-divider__text{direction:rtl}.e-container>.elementor-widget-divider{width:var(--container-widget-width,100%);--flex-grow:var(--container-widget-flex-grow,0)}<\/style>\n<h5>In a desire to raise Black youths from underserved neighborhood\u2019s awareness in developing three key traits; self-awareness, discipline and perseverance, JAMYAM, has put in place initiatives including discussion sessions on topics allowing young people to increase their tacit knowledge on subjects such as money, labor market and personal development.<\/h5>\n<p>\t\t\t<a href=\"https:\/\/jamyam.org\/en\/what-we-do\/\" role=\"button\"><br \/>\n\t\t\t\t\t\tread more<br \/>\n\t\t\t\t\t<\/a><\/p>\n<h3>Youths And Money<\/h3>\n<p>Through the mobile clinics, the social impact organization, Young Athletes of Montreall, will provide adequate tools to young participants to help them learn more about money and its management, debt management and invest in a smart way.. <\/p>\n<p>\t\t\t<a href=\"https:\/\/www.eventbrite.ca\/e\/432926283167\" role=\"button\"><br \/>\n\t\t\t\t\t\tREGISTER<br \/>\n\t\t\t\t\t<\/a><\/p>\n<h3>The First Job<\/h3>\n<p>These sessions help equip young participants in writing their resume, preparing for an interview and knowing the fundamentals of their rights in the workplace.<\/p>\n<p>\u00a0<\/p>\n<p>\t\t\t<a href=\"https:\/\/www.eventbrite.ca\/e\/432926283167\" role=\"button\"><br \/>\n\t\t\t\t\t\tREGISTER<br \/>\n\t\t\t\t\t<\/a><\/p>\n<h3>Personal Development and Management<\/h3>\n<p>During these sessions, we invite youths to acquire a positive self-concept and the skills necessary to interact effectively with others.<\/p>\n<p>\t\t\t<a href=\"https:\/\/www.eventbrite.ca\/e\/432926283167\" role=\"button\"><br \/>\n\t\t\t\t\t\tREGISTER<br \/>\n\t\t\t\t\t<\/a><\/p>\n<h3>More to Come<\/h3>\n<p>We work in partnership with youths to develop sessions that meet their needs.<\/p>\n<p>Send us your suggestions to the email address <strong>info@jamyam.org<\/strong> or by clicking on this link<\/p>\n<p>\t\t\t<a href=\"https:\/\/jamyam.org\/en\/contact\/\" role=\"button\"><br \/>\n\t\t\t\t<svg aria-hidden=\"true\" viewbox=\"0 0 576 512\" xmlns=\"http:\/\/www.w3.org\/2000\/svg\"><path d=\"M160 448c-25.6 0-51.2-22.4-64-32-64-44.8-83.2-60.8-96-70.4V480c0 17.67 14.33 32 32 32h256c17.67 0 32-14.33 32-32V345.6c-12.8 9.6-32 25.6-96 70.4-12.8 9.6-38.4 32-64 32zm128-192H32c-17.67 0-32 14.33-32 32v16c25.6 19.2 22.4 19.2 115.2 86.4 9.6 6.4 28.8 25.6 44.8 25.6s35.2-19.2 44.8-22.4c92.8-67.2 89.6-67.2 115.2-86.4V288c0-17.67-14.33-32-32-32zm256-96H224c-17.67 0-32 14.33-32 32v32h96c33.21 0 60.59 25.42 63.71 57.82l.29-.22V416h192c17.67 0 32-14.33 32-32V192c0-17.67-14.33-32-32-32zm-32 128h-64v-64h64v64zm-352-96c0-35.29 28.71-64 64-64h224V32c0-17.67-14.33-32-32-32H96C78.33 0 64 14.33 64 32v192h96v-32z\"><\/path><\/svg><br \/>\n\t\t\t\t\t\tMail<br \/>\n\t\t\t\t\t<\/a><\/p>\n<h2>About Us<\/h2>\n<p>Young Athletes of Montreal (JAMYAM) is a social impact organization that seeks to instill the athlete mindset in youths through the sharing of tacit knowledge. <b>self-awareness,<\/b> la<b> discipline<\/b> and <b>perseverance <\/b>are three key traits necessary to develop and master the athlete mindset in order to achieve outstanding results.<\/p>\n<p>https:\/\/www.youtube.com\/watch?v=FSV5QTkOemU\t\t<\/p>\n<style>\/*! elementor - v3.7.7 - 22-09-2022 *\/\n.elementor-image-gallery .gallery-item{display:inline-block;text-align:center;vertical-align:top;width:100%;max-width:100%;margin:0 auto}.elementor-image-gallery .gallery-item img{margin:0 auto}.elementor-image-gallery .gallery-item .gallery-caption{margin:0}.elementor-image-gallery figure img{display:block}.elementor-image-gallery figure figcaption{width:100%}.gallery-spacing-custom .elementor-image-gallery .gallery-icon{padding:0}@media (min-width:768px){.elementor-image-gallery .gallery-columns-2 .gallery-item{max-width:50%}.elementor-image-gallery .gallery-columns-3 .gallery-item{max-width:33.33%}.elementor-image-gallery .gallery-columns-4 .gallery-item{max-width:25%}.elementor-image-gallery .gallery-columns-5 .gallery-item{max-width:20%}.elementor-image-gallery .gallery-columns-6 .gallery-item{max-width:16.666%}.elementor-image-gallery .gallery-columns-7 .gallery-item{max-width:14.28%}.elementor-image-gallery .gallery-columns-8 .gallery-item{max-width:12.5%}.elementor-image-gallery .gallery-columns-9 .gallery-item{max-width:11.11%}.elementor-image-gallery .gallery-columns-10 .gallery-item{max-width:10%}}@media (min-width:480px) and (max-width:767px){.elementor-image-gallery .gallery.gallery-columns-2 .gallery-item,.elementor-image-gallery .gallery.gallery-columns-3 .gallery-item,.elementor-image-gallery .gallery.gallery-columns-4 .gallery-item,.elementor-image-gallery .gallery.gallery-columns-5 .gallery-item,.elementor-image-gallery .gallery.gallery-columns-6 .gallery-item,.elementor-image-gallery .gallery.gallery-columns-7 .gallery-item,.elementor-image-gallery .gallery.gallery-columns-8 .gallery-item,.elementor-image-gallery .gallery.gallery-columns-9 .gallery-item,.elementor-image-gallery .gallery.gallery-columns-10 .gallery-item{max-width:50%}}@media (max-width:479px){.elementor-image-gallery .gallery.gallery-columns-2 .gallery-item,.elementor-image-gallery .gallery.gallery-columns-3 .gallery-item,.elementor-image-gallery .gallery.gallery-columns-4 .gallery-item,.elementor-image-gallery .gallery.gallery-columns-5 .gallery-item,.elementor-image-gallery .gallery.gallery-columns-6 .gallery-item,.elementor-image-gallery .gallery.gallery-columns-7 .gallery-item,.elementor-image-gallery .gallery.gallery-columns-8 .gallery-item,.elementor-image-gallery .gallery.gallery-columns-9 .gallery-item,.elementor-image-gallery .gallery.gallery-columns-10 .gallery-item{max-width:100%}}<\/style>\n<figure class='gallery-item'>\n\t\t\t\t<img decoding=\"async\" width=\"936\" height=\"900\" src=\"https:\/\/jamyam.org\/wp-content\/uploads\/2022\/10\/3.png\" alt=\"\" loading=\"lazy\" srcset=\"https:\/\/jamyam.org\/wp-content\/uploads\/2022\/10\/3.png 936w, https:\/\/jamyam.org\/wp-content\/uploads\/2022\/10\/3-300x288.png 300w, https:\/\/jamyam.org\/wp-content\/uploads\/2022\/10\/3-768x738.png 768w\" sizes=\"(max-width: 936px) 100vw, 936px\" \/><br \/>\n\t\t\t<\/figure>\n<figure class='gallery-item'>\n\t\t\t\t<img decoding=\"async\" width=\"936\" height=\"900\" src=\"https:\/\/jamyam.org\/wp-content\/uploads\/2022\/10\/2.png\" alt=\"\" loading=\"lazy\" srcset=\"https:\/\/jamyam.org\/wp-content\/uploads\/2022\/10\/2.png 936w, https:\/\/jamyam.org\/wp-content\/uploads\/2022\/10\/2-300x288.png 300w, https:\/\/jamyam.org\/wp-content\/uploads\/2022\/10\/2-768x738.png 768w\" sizes=\"(max-width: 936px) 100vw, 936px\" \/><br \/>\n\t\t\t<\/figure>\n<figure class='gallery-item'>\n\t\t\t\t<img decoding=\"async\" width=\"936\" height=\"900\" src=\"https:\/\/jamyam.org\/wp-content\/uploads\/2022\/10\/1.png\" alt=\"\" loading=\"lazy\" srcset=\"https:\/\/jamyam.org\/wp-content\/uploads\/2022\/10\/1.png 936w, https:\/\/jamyam.org\/wp-content\/uploads\/2022\/10\/1-300x288.png 300w, https:\/\/jamyam.org\/wp-content\/uploads\/2022\/10\/1-768x738.png 768w\" sizes=\"(max-width: 936px) 100vw, 936px\" \/><br \/>\n\t\t\t<\/figure>\n<h5>Our partners and sponsors<\/h5>\n<style>\/*! elementor - v3.7.7 - 22-09-2022 *\/\n.elementor-widget-image-carousel .swiper-container{position:static}.elementor-widget-image-carousel .swiper-container .swiper-slide figure{line-height:inherit}.elementor-widget-image-carousel .swiper-slide{text-align:center}.elementor-image-carousel-wrapper:not(.swiper-container-initialized) .swiper-slide{max-width:calc(100% \/ var(--e-image-carousel-slides-to-show, 3))}<\/style>\n<figure><img decoding=\"async\" src=\"https:\/\/jamyam.org\/wp-content\/uploads\/2022\/09\/MDJ-Bordeaux-Cartierville-logo.png\" alt=\"MDJ Bordeaux Cartierville logo\" \/><\/figure>\n<figure><img decoding=\"async\" src=\"https:\/\/jamyam.org\/wp-content\/uploads\/2022\/09\/Lachine-Lab.png\" alt=\"Lachine Lab\" \/><\/figure>\n<figure><img decoding=\"async\" src=\"https:\/\/jamyam.org\/wp-content\/uploads\/2022\/09\/employment-and-social-development-canada.png\" alt=\"employment-and-social-development-canada\" \/><\/figure>\n<figure><img decoding=\"async\" src=\"https:\/\/jamyam.org\/wp-content\/uploads\/2022\/09\/Outlook-pjlpfwww-1.jpg\" alt=\"Outlook-pjlpfwww (1)\" \/><\/figure>\n<figure><img decoding=\"async\" src=\"https:\/\/jamyam.org\/wp-content\/uploads\/2022\/09\/CP_Community-Logo_E_F.jpg\" alt=\"CP_Community-Logo_E_F\" \/><\/figure>\n<figure><img decoding=\"async\" src=\"https:\/\/jamyam.org\/wp-content\/uploads\/2022\/09\/st-laurent_Logo_140x140.png\" alt=\"st-laurent_Logo_140x140\" \/><\/figure>\n<figure><img decoding=\"async\" src=\"https:\/\/jamyam.org\/wp-content\/uploads\/2022\/09\/IGM-bilingual.jpg\" alt=\"IGM bilingual\" \/><\/figure>\n<figure><img decoding=\"async\" src=\"https:\/\/jamyam.org\/wp-content\/uploads\/2022\/09\/MTL-Alliance-Logo.png\" alt=\"MTL Alliance Logo\" \/><\/figure>\n<p>\t\t\t<a href=\"https:\/\/www.zeffy.com\/en-CA\/embed\/donation-form\/13249b98-32fa-4883-8022-843e03e9c362\" role=\"button\"><br \/>\n\t\t\t\t\t\tDONATION<br \/>\n\t\t\t\t\t<\/a><\/p>","protected":false},"excerpt":{"rendered":"<p>Plus fort ensemble &#8211; parce que nous avons besoin de la communaut\u00e9 Lire plus Notre impact Dans tout ce que nous faisons, nous croyons qu&rsquo;il faut remettre en question le statu quo! Nous croyons qu&rsquo;il faut penser diff\u00e9remment. C\u2019est pour cela que depuis 2015 nous accompagnons les jeunes de la grande r\u00e9gion m\u00e9tropolitaine \u00e0 am\u00e9liorer &hellip;<\/p>\n<p class=\"read-more\"> <a class=\"\" href=\"https:\/\/jamyam.org\/en\/\"> <span class=\"screen-reader-text\">Accueil<\/span> Read More &raquo;<\/a><\/p>","protected":false},"author":6639,"featured_media":0,"parent":0,"menu_order":0,"comment_status":"closed","ping_status":"closed","template":"","meta":{"site-sidebar-layout":"no-sidebar","site-content-layout":"page-builder","ast-global-header-display":"","ast-main-header-display":"","ast-hfb-above-header-display":"","ast-hfb-below-header-display":"","ast-hfb-mobile-header-display":"","site-post-title":"disabled","ast-breadcrumbs-content":"disabled","ast-featured-img":"disabled","footer-sml-layout":"","theme-transparent-header-meta":"enabled","adv-header-id-meta":"","stick-header-meta":"","header-above-stick-meta":"","header-main-stick-meta":"","header-below-stick-meta":""},"yoast_head":"<!-- This site is optimized with the Yoast SEO plugin v20.12 - https:\/\/yoast.com\/wordpress\/plugins\/seo\/ -->\n<title>Accueil - JAMYAM Young Athletes of Montreal<\/title>\n<meta name=\"robots\" content=\"index, follow, max-snippet:-1, max-image-preview:large, max-video-preview:-1\" \/>\n<link rel=\"canonical\" href=\"https:\/\/jamyam.org\/en\/\" \/>\n<meta property=\"og:locale\" content=\"en_US\" \/>\n<meta property=\"og:type\" content=\"article\" \/>\n<meta property=\"og:title\" content=\"Accueil - JAMYAM Young Athletes of Montreal\" \/>\n<meta property=\"og:description\" content=\"Plus fort ensemble &#8211; parce que nous avons besoin de la communaut\u00e9 Lire plus Notre impact Dans tout ce que nous faisons, nous croyons qu&rsquo;il faut remettre en question le statu quo! Nous croyons qu&rsquo;il faut penser diff\u00e9remment. C\u2019est pour cela que depuis 2015 nous accompagnons les jeunes de la grande r\u00e9gion m\u00e9tropolitaine \u00e0 am\u00e9liorer &hellip; Accueil Read More &raquo;\" \/>\n<meta property=\"og:url\" content=\"https:\/\/jamyam.org\/en\/\" \/>\n<meta property=\"og:site_name\" content=\"JAMYAM Young Athletes of Montreal\" \/>\n<meta property=\"article:publisher\" content=\"https:\/\/www.facebook.com\/jam.yam.7902\" \/>\n<meta property=\"article:modified_time\" content=\"2022-10-12T19:55:24+00:00\" \/>\n<meta property=\"og:image\" content=\"https:\/\/jamyam.org\/wp-content\/uploads\/2021\/05\/about-01-free-img.jpg\" \/>\n<meta name=\"twitter:card\" content=\"summary_large_image\" \/>\n<meta name=\"twitter:label1\" content=\"Est. reading time\" \/>\n\t<meta name=\"twitter:data1\" content=\"5 minutes\" \/>\n<script type=\"application\/ld+json\" class=\"yoast-schema-graph\">{\"@context\":\"https:\/\/schema.org\",\"@graph\":[{\"@type\":\"WebPage\",\"@id\":\"https:\/\/jamyam.org\/\",\"url\":\"https:\/\/jamyam.org\/\",\"name\":\"Accueil - JAMYAM Young Athletes of Montreal\",\"isPartOf\":{\"@id\":\"https:\/\/jamyam.org\/#website\"},\"datePublished\":\"2021-05-14T08:16:46+00:00\",\"dateModified\":\"2022-10-12T19:55:24+00:00\",\"breadcrumb\":{\"@id\":\"https:\/\/jamyam.org\/#breadcrumb\"},\"inLanguage\":\"en-CA\",\"potentialAction\":[{\"@type\":\"ReadAction\",\"target\":[\"https:\/\/jamyam.org\/\"]}]},{\"@type\":\"BreadcrumbList\",\"@id\":\"https:\/\/jamyam.org\/#breadcrumb\",\"itemListElement\":[{\"@type\":\"ListItem\",\"position\":1,\"name\":\"Home\",\"item\":\"https:\/\/jamyam.org\/\"},{\"@type\":\"ListItem\",\"position\":2,\"name\":\"Accueil\"}]},{\"@type\":\"WebSite\",\"@id\":\"https:\/\/jamyam.org\/#website\",\"url\":\"https:\/\/jamyam.org\/\",\"name\":\"JAMYAM Young Athletes of Montreal\",\"description\":\"a Black led non-profit organization that seeks to promote excellence through sports to Black youth\",\"publisher\":{\"@id\":\"https:\/\/jamyam.org\/#organization\"},\"potentialAction\":[{\"@type\":\"SearchAction\",\"target\":{\"@type\":\"EntryPoint\",\"urlTemplate\":\"https:\/\/jamyam.org\/?s={search_term_string}\"},\"query-input\":\"required name=search_term_string\"}],\"inLanguage\":\"en-CA\"},{\"@type\":\"Organization\",\"@id\":\"https:\/\/jamyam.org\/#organization\",\"name\":\"JAMYAM Young Athletes of Montreal\",\"url\":\"https:\/\/jamyam.org\/\",\"logo\":{\"@type\":\"ImageObject\",\"inLanguage\":\"en-CA\",\"@id\":\"https:\/\/jamyam.org\/#\/schema\/logo\/image\/\",\"url\":\"https:\/\/jamyam.org\/wp-content\/uploads\/2022\/09\/Low.png\",\"contentUrl\":\"https:\/\/jamyam.org\/wp-content\/uploads\/2022\/09\/Low.png\",\"width\":300,\"height\":271,\"caption\":\"JAMYAM Young Athletes of Montreal\"},\"image\":{\"@id\":\"https:\/\/jamyam.org\/#\/schema\/logo\/image\/\"},\"sameAs\":[\"https:\/\/www.facebook.com\/jam.yam.7902\",\"https:\/\/www.instagram.com\/J.A.M_Y.A.M\/\",\"https:\/\/www.linkedin.com\/company\/young-athletes-of-montreal-yam\/?viewAsMember=true\"]}]}<\/script>\n<!-- \/ Yoast SEO plugin. -->","yoast_head_json":{"title":"Accueil - JAMYAM Young Athletes of Montreal","robots":{"index":"index","follow":"follow","max-snippet":"max-snippet:-1","max-image-preview":"max-image-preview:large","max-video-preview":"max-video-preview:-1"},"canonical":"https:\/\/jamyam.org\/en\/","og_locale":"en_US","og_type":"article","og_title":"Accueil - JAMYAM Young Athletes of Montreal","og_description":"Plus fort ensemble &#8211; parce que nous avons besoin de la communaut\u00e9 Lire plus Notre impact Dans tout ce que nous faisons, nous croyons qu&rsquo;il faut remettre en question le statu quo! Nous croyons qu&rsquo;il faut penser diff\u00e9remment. C\u2019est pour cela que depuis 2015 nous accompagnons les jeunes de la grande r\u00e9gion m\u00e9tropolitaine \u00e0 am\u00e9liorer &hellip; Accueil Read More &raquo;","og_url":"https:\/\/jamyam.org\/en\/","og_site_name":"JAMYAM Young Athletes of Montreal","article_publisher":"https:\/\/www.facebook.com\/jam.yam.7902","article_modified_time":"2022-10-12T19:55:24+00:00","og_image":[{"url":"https:\/\/jamyam.org\/wp-content\/uploads\/2021\/05\/about-01-free-img.jpg"}],"twitter_card":"summary_large_image","twitter_misc":{"Est. reading time":"5 minutes"},"schema":{"@context":"https:\/\/schema.org","@graph":[{"@type":"WebPage","@id":"https:\/\/jamyam.org\/","url":"https:\/\/jamyam.org\/","name":"Accueil - JAMYAM Young Athletes of Montreal","isPartOf":{"@id":"https:\/\/jamyam.org\/#website"},"datePublished":"2021-05-14T08:16:46+00:00","dateModified":"2022-10-12T19:55:24+00:00","breadcrumb":{"@id":"https:\/\/jamyam.org\/#breadcrumb"},"inLanguage":"en-CA","potentialAction":[{"@type":"ReadAction","target":["https:\/\/jamyam.org\/"]}]},{"@type":"BreadcrumbList","@id":"https:\/\/jamyam.org\/#breadcrumb","itemListElement":[{"@type":"ListItem","position":1,"name":"Home","item":"https:\/\/jamyam.org\/"},{"@type":"ListItem","position":2,"name":"Accueil"}]},{"@type":"WebSite","@id":"https:\/\/jamyam.org\/#website","url":"https:\/\/jamyam.org\/","name":"JAMYAM Young Athletes of Montreal","description":"a Black led non-profit organization that seeks to promote excellence through sports to Black youth","publisher":{"@id":"https:\/\/jamyam.org\/#organization"},"potentialAction":[{"@type":"SearchAction","target":{"@type":"EntryPoint","urlTemplate":"https:\/\/jamyam.org\/?s={search_term_string}"},"query-input":"required name=search_term_string"}],"inLanguage":"en-CA"},{"@type":"Organization","@id":"https:\/\/jamyam.org\/#organization","name":"JAMYAM Young Athletes of Montreal","url":"https:\/\/jamyam.org\/","logo":{"@type":"ImageObject","inLanguage":"en-CA","@id":"https:\/\/jamyam.org\/#\/schema\/logo\/image\/","url":"https:\/\/jamyam.org\/wp-content\/uploads\/2022\/09\/Low.png","contentUrl":"https:\/\/jamyam.org\/wp-content\/uploads\/2022\/09\/Low.png","width":300,"height":271,"caption":"JAMYAM Young Athletes of Montreal"},"image":{"@id":"https:\/\/jamyam.org\/#\/schema\/logo\/image\/"},"sameAs":["https:\/\/www.facebook.com\/jam.yam.7902","https:\/\/www.instagram.com\/J.A.M_Y.A.M\/","https:\/\/www.linkedin.com\/company\/young-athletes-of-montreal-yam\/?viewAsMember=true"]}]}},"_links":{"self":[{"href":"https:\/\/jamyam.org\/en\/wp-json\/wp\/v2\/pages\/460"}],"collection":[{"href":"https:\/\/jamyam.org\/en\/wp-json\/wp\/v2\/pages"}],"about":[{"href":"https:\/\/jamyam.org\/en\/wp-json\/wp\/v2\/types\/page"}],"author":[{"embeddable":true,"href":"https:\/\/jamyam.org\/en\/wp-json\/wp\/v2\/users\/6639"}],"replies":[{"embeddable":true,"href":"https:\/\/jamyam.org\/en\/wp-json\/wp\/v2\/comments?post=460"}],"version-history":[{"count":116,"href":"https:\/\/jamyam.org\/en\/wp-json\/wp\/v2\/pages\/460\/revisions"}],"predecessor-version":[{"id":824,"href":"https:\/\/jamyam.org\/en\/wp-json\/wp\/v2\/pages\/460\/revisions\/824"}],"wp:attachment":[{"href":"https:\/\/jamyam.org\/en\/wp-json\/wp\/v2\/media?parent=460"}],"curies":[{"name":"wp","href":"https:\/\/api.w.org\/{rel}","templated":true}]}}